{"id":13,"date":"2023-11-27T01:08:01","date_gmt":"2023-11-27T01:08:01","guid":{"rendered":"https:\/\/aplicativo360.com\/?page_id=13"},"modified":"2024-11-23T23:33:53","modified_gmt":"2024-11-24T02:33:53","slug":"politica-privacidade","status":"publish","type":"page","link":"https:\/\/aplicativo360.com\/es\/politica-de-privacidad\/","title":{"rendered":"Pol\u00edtica de privacidad"},"content":{"rendered":"<p>Su privacidad es importante para nosotros. Es pol\u00edtica de ALICATIVO 360 respetar su privacidad con respecto a cualquier informaci\u00f3n que podamos recopilar de Usted a trav\u00e9s de nuestro sitio Web <a href=\"https:\/\/aplicativo360.com\/es\/\">ALICATIVE 360<\/a>y otros sitios que poseemos y gestionamos.<\/p>\n\n\n\n<p>S\u00f3lo solicitamos informaci\u00f3n personal cuando realmente la necesitamos para prestarle un servicio. Lo hacemos por medios justos y legales, con su conocimiento y consentimiento. Tambi\u00e9n le explicamos por qu\u00e9 la recabamos y c\u00f3mo se utilizar\u00e1.<\/p>\n\n\n\n<p>S\u00f3lo conservamos la informaci\u00f3n recopilada durante el tiempo necesario para prestar el servicio solicitado. Cuando almacenamos datos, los protegemos con medios comercialmente aceptables para evitar p\u00e9rdidas y robos, as\u00ed como el acceso, la divulgaci\u00f3n, la copia, el uso o la modificaci\u00f3n no autorizados.<\/p>\n\n\n\n<p>No compartimos informaci\u00f3n de identificaci\u00f3n personal p\u00fablicamente ni con terceros, excepto cuando lo exige la ley.<\/p>\n\n\n\n<p>Nuestro sitio web puede contener enlaces a sitios web externos no gestionados por nosotros. Tenga en cuenta que no tenemos ning\u00fan control sobre el contenido y las pr\u00e1cticas de estos sitios y no podemos aceptar ninguna responsabilidad por sus respectivos contenidos.&nbsp;<a href=\"https:\/\/politicaprivacidade.com\/\" rel=\"noreferrer noopener\" target=\"_blank\">pol\u00edticas de privacidad<\/a>.<\/p>\n\n\n\n<p>Usted es libre de rechazar nuestra solicitud de informaci\u00f3n personal entendiendo que es posible que no podamos prestarle algunos de los servicios que necesita.<\/p>\n\n\n\n<p>Su uso continuado de nuestro sitio web se considerar\u00e1 una aceptaci\u00f3n de nuestras pr\u00e1cticas en torno a la privacidad y la informaci\u00f3n personal. Si tiene alguna pregunta sobre c\u00f3mo tratamos los datos de los usuarios y la informaci\u00f3n personal, p\u00f3ngase en contacto con nosotros.<\/p>\n\n\n\n<ul class=\"wp-block-list\">\n<li>El servicio Google AdSense que utilizamos para publicar anuncios utiliza una cookie de DoubleClick para publicar anuncios m\u00e1s relevantes en la web y limitar el n\u00famero de veces que se le muestra un anuncio concreto.<\/li>\n\n\n\n<li>Para obtener m\u00e1s informaci\u00f3n sobre Google AdSense, consulte las preguntas frecuentes oficiales sobre privacidad de Google AdSense.<\/li>\n\n\n\n<li>Utilizamos anuncios para compensar los costes de funcionamiento de este sitio y financiar futuros desarrollos. Las cookies de publicidad comportamental utilizadas por este sitio est\u00e1n dise\u00f1adas para garantizar que se le ofrezcan los anuncios m\u00e1s relevantes siempre que sea posible mediante el seguimiento an\u00f3nimo de sus intereses y la presentaci\u00f3n de cosas similares que puedan ser de su inter\u00e9s.<\/li>\n\n\n\n<li>Varios socios se anuncian en nuestro nombre y las cookies de seguimiento de afiliados simplemente nos permiten ver si nuestros clientes han accedido al sitio a trav\u00e9s de uno de los sitios de nuestros socios, para que podamos acreditarlos adecuadamente y, en su caso, permitir a nuestros socios afiliados ofrecer cualquier promoci\u00f3n que pueda brindarle la oportunidad de realizar una compra.<\/li>\n<\/ul>\n\n\n\n<h3 class=\"wp-block-heading\" id=\"h-compromisso-do-usuario\">Compromiso de los usuarios<\/h3>\n\n\n\n<p>El usuario se compromete a hacer un uso adecuado de los contenidos e informaciones ofrecidos por Digitalizze Marketing en el sitio web, y ello con car\u00e1cter enunciativo pero no limitativo:<\/p>\n\n\n\n<ul class=\"wp-block-list\">\n<li>A) No realizar actividades ilegales o contrarias a la buena fe o al orden p\u00fablico;<\/li>\n\n\n\n<li>B) No difundir propaganda o contenidos de car\u00e1cter racista, xen\u00f3fobo, juegos de azar, cualquier tipo de pornograf\u00eda ilegal, apolog\u00eda del terrorismo o contra los derechos humanos;<\/li>\n\n\n\n<li>C) No provocar da\u00f1os en los sistemas f\u00edsicos (hardware) y l\u00f3gicos (software) de Digitalizze Marketing, de sus proveedores o de terceras personas, introducir o difundir en la red virus inform\u00e1ticos o cualesquiera otros sistemas f\u00edsicos o l\u00f3gicos que sean susceptibles de provocar los da\u00f1os anteriormente mencionados.<\/li>\n<\/ul>\n\n\n\n<h3 class=\"wp-block-heading\" id=\"h-mais-informacoes\">M\u00e1s informaci\u00f3n<\/h3>\n\n\n\n<p>Esperemos que esto se haya aclarado y, como se mencion\u00f3 anteriormente, si hay algo que no est\u00e1 seguro de si necesita o no, generalmente es m\u00e1s seguro dejar las cookies habilitadas si interact\u00faa con una de las funciones que utiliza en nuestro sitio.<\/p>\n\n\n\n<p>Esta pol\u00edtica entra en vigor el 27 de noviembre de 2022 01:06<\/p>","protected":false},"excerpt":{"rendered":"<p>A sua privacidade \u00e9 importante para n\u00f3s. \u00c9 pol\u00edtica do ALICATIVO 360 respeitar a sua privacidade em rela\u00e7\u00e3o a qualquer [&hellip;]<\/p>\n","protected":false},"author":4,"featured_media":0,"parent":0,"menu_order":0,"comment_status":"closed","ping_status":"closed","template":"","meta":{"_uag_custom_page_level_css":"","site-sidebar-layout":"default","site-content-layout":"","ast-site-content-layout":"default","site-content-style":"default","site-sidebar-style":"default","ast-global-header-display":"","ast-banner-title-visibility":"","ast-main-header-display":"","ast-hfb-above-header-display":"","ast-hfb-below-header-display":"","ast-hfb-mobile-header-display":"","site-post-title":"","ast-breadcrumbs-content":"","ast-featured-img":"","footer-sml-layout":"","ast-disable-related-posts":"","theme-transparent-header-meta":"","adv-header-id-meta":"","stick-header-meta":"","header-above-stick-meta":"","header-main-stick-meta":"","header-below-stick-meta":"","astra-migrate-meta-layouts":"default","ast-page-background-enabled":"default","ast-page-background-meta":{"desktop":{"background-color":"var(--ast-global-color-5)","background-image":"","background-repeat":"repeat","background-position":"center center","background-size":"auto","background-attachment":"scroll","background-type":"","background-media":"","overlay-type":"","overlay-color":"","overlay-opacity":"","overlay-gradient":""},"tablet":{"background-color":"","background-image":"","background-repeat":"repeat","background-position":"center center","background-size":"auto","background-attachment":"scroll","background-type":"","background-media":"","overlay-type":"","overlay-color":"","overlay-opacity":"","overlay-gradient":""},"mobile":{"background-color":"","background-image":"","background-repeat":"repeat","background-position":"center center","background-size":"auto","background-attachment":"scroll","background-type":"","background-media":"","overlay-type":"","overlay-color":"","overlay-opacity":"","overlay-gradient":""}},"ast-content-background-meta":{"desktop":{"background-color":"var(--ast-global-color-4)","background-image":"","background-repeat":"repeat","background-position":"center center","background-size":"auto","background-attachment":"scroll","background-type":"","background-media":"","overlay-type":"","overlay-color":"","overlay-opacity":"","overlay-gradient":""},"tablet":{"background-color":"var(--ast-global-color-4)","background-image":"","background-repeat":"repeat","background-position":"center center","background-size":"auto","background-attachment":"scroll","background-type":"","background-media":"","overlay-type":"","overlay-color":"","overlay-opacity":"","overlay-gradient":""},"mobile":{"background-color":"var(--ast-global-color-4)","background-image":"","background-repeat":"repeat","background-position":"center center","background-size":"auto","background-attachment":"scroll","background-type":"","background-media":"","overlay-type":"","overlay-color":"","overlay-opacity":"","overlay-gradient":""}},"footnotes":""},"class_list":["post-13","page","type-page","status-publish","hentry"],"uagb_featured_image_src":{"full":false,"thumbnail":false,"medium":false,"medium_large":false,"large":false,"1536x1536":false,"2048x2048":false,"trp-custom-language-flag":false},"uagb_author_info":{"display_name":"Mateus","author_link":"https:\/\/aplicativo360.com\/es\/author\/lololtda\/"},"uagb_comment_info":0,"uagb_excerpt":"A sua privacidade \u00e9 importante para n\u00f3s. \u00c9 pol\u00edtica do ALICATIVO 360 respeitar a sua privacidade em rela\u00e7\u00e3o a qualquer [&hellip;]","_links":{"self":[{"href":"https:\/\/aplicativo360.com\/es\/wp-json\/wp\/v2\/pages\/13","targetHints":{"allow":["GET"]}}],"collection":[{"href":"https:\/\/aplicativo360.com\/es\/wp-json\/wp\/v2\/pages"}],"about":[{"href":"https:\/\/aplicativo360.com\/es\/wp-json\/wp\/v2\/types\/page"}],"author":[{"embeddable":true,"href":"https:\/\/aplicativo360.com\/es\/wp-json\/wp\/v2\/users\/4"}],"replies":[{"embeddable":true,"href":"https:\/\/aplicativo360.com\/es\/wp-json\/wp\/v2\/comments?post=13"}],"version-history":[{"count":0,"href":"https:\/\/aplicativo360.com\/es\/wp-json\/wp\/v2\/pages\/13\/revisions"}],"wp:attachment":[{"href":"https:\/\/aplicativo360.com\/es\/wp-json\/wp\/v2\/media?parent=13"}],"curies":[{"name":"wp","href":"https:\/\/api.w.org\/{rel}","templated":true}]}}