{"id":17,"date":"2023-11-27T01:08:46","date_gmt":"2023-11-27T01:08:46","guid":{"rendered":"https:\/\/aplicativo360.com\/?page_id=17"},"modified":"2024-11-23T23:40:30","modified_gmt":"2024-11-24T02:40:30","slug":"termos-de-uso","status":"publish","type":"page","link":"https:\/\/aplicativo360.com\/es\/condiciones-de-uso\/","title":{"rendered":"Condiciones de uso"},"content":{"rendered":"<h2 class=\"wp-block-heading\" id=\"h-1-termos\">1. condiciones<\/h2>\n\n\n\n<p>Cuando acceda al sitio <a href=\"https:\/\/aplicativo360.com\/es\/\">ALICATIVE 360<\/a>Si acepta quedar vinculado por estas condiciones de servicio, se compromete a cumplir todas las leyes y reglamentos aplicables, y acepta que es responsable del cumplimiento de cualquier ley local aplicable. Si no est\u00e1 de acuerdo con alguna de estas condiciones, se le proh\u00edbe utilizar o acceder a este sitio. Los materiales de este sitio est\u00e1n protegidos por la legislaci\u00f3n aplicable en materia de derechos de autor y marcas registradas.<\/p>\n\n\n\n<h2 class=\"wp-block-heading\" id=\"h-2-uso-de-licenca\">2. Uso de la licencia<\/h2>\n\n\n\n<p>Se concede permiso para descargar temporalmente una copia de los materiales (informaci\u00f3n o software) del sitio web de ALICATIVO 360 s\u00f3lo para su visualizaci\u00f3n personal, no comercial y transitoria. Esto es la concesi\u00f3n de una licencia, no una transferencia de t\u00edtulo, y bajo esta licencia usted no puede:\u00a0<\/p>\n\n\n\n<ol class=\"wp-block-list\">\n<li>modificar o copiar los materiales;&nbsp;<\/li>\n\n\n\n<li>utilizar los materiales para cualquier fin comercial o para su exhibici\u00f3n p\u00fablica (comercial o no comercial);&nbsp;<\/li>\n\n\n\n<li>intentar descompilar o realizar ingenier\u00eda inversa en cualquier software contenido en el sitio web de ALICATIVO 360;\u00a0<\/li>\n\n\n\n<li>eliminar de los materiales cualquier menci\u00f3n relativa a derechos de autor u otros derechos de propiedad; o&nbsp;<\/li>\n\n\n\n<li>transferir los materiales a otra persona o \"reflejar\" los materiales en cualquier otro servidor.<\/li>\n<\/ol>\n\n\n\n<p>Esta licencia terminar\u00e1 autom\u00e1ticamente si usted viola cualquiera de estas restricciones y puede ser terminada por ALICATIVO 360 en cualquier momento. Una vez finalizada la visualizaci\u00f3n de estos materiales o la rescisi\u00f3n de esta licencia, deber\u00e1 eliminar todos los materiales descargados que obren en su poder, ya sea en formato electr\u00f3nico o impreso.<\/p>\n\n\n\n<h2 class=\"wp-block-heading\" id=\"h-3-isencao-de-responsabilidade\">3. Descargo de responsabilidad<\/h2>\n\n\n\n<ol class=\"wp-block-list\">\n<li>Los materiales del sitio web de ALICATIVO 360 se proporcionan \"tal cual\". ALICATIVO 360 no otorga ninguna garant\u00eda, expresa o impl\u00edcita, y por la presente renuncia y niega cualquier otra garant\u00eda, incluyendo, sin limitaci\u00f3n, garant\u00edas o condiciones impl\u00edcitas de comerciabilidad, idoneidad para un prop\u00f3sito particular, o no infracci\u00f3n de la propiedad intelectual u otra violaci\u00f3n de derechos.<\/li>\n\n\n\n<li>Adem\u00e1s, ALICATIVO 360 no garantiza ni hace ninguna representaci\u00f3n con respecto a la exactitud, los resultados probables, o la fiabilidad de la utilizaci\u00f3n de los materiales en su sitio web de Internet o de otro tipo relativa a los materiales o en cualquier sitio ligado a este sitio.<\/li>\n<\/ol>\n\n\n\n<h2 class=\"wp-block-heading\" id=\"h-4-limitacoes\">4. Limitaciones<\/h2>\n\n\n\n<p>En ning\u00fan caso ALICATIVE 360 o sus proveedores ser\u00e1n responsables de ning\u00fan da\u00f1o (incluidos, entre otros, los da\u00f1os por p\u00e9rdida de datos o beneficios, o debidos a la interrupci\u00f3n de la actividad empresarial) derivado del uso o la imposibilidad de uso de los materiales de ALICATIVE 360, incluso si ALICATIVE 360 o un representante autorizado de ALICATIVE 360 ha sido notificado oralmente o por escrito de la posibilidad de tales da\u00f1os. Debido a que algunas jurisdicciones no permiten limitaciones en las garant\u00edas impl\u00edcitas, o limitaciones de responsabilidad por da\u00f1os consecuenciales o incidentales, estas limitaciones pueden no aplicarse en su caso.<\/p>\n\n\n\n<h2 class=\"wp-block-heading\" id=\"h-5-precisao-dos-materiais\">5. Exactitud de los materiales<\/h2>\n\n\n\n<p>Los materiales que aparecen en el sitio web de ALICATIVO 360 podr\u00edan incluir errores t\u00e9cnicos, tipogr\u00e1ficos o fotogr\u00e1ficos. ALICATIVO 360 no garantiza que ninguno de los materiales en su sitio web sean precisos, completos o actuales. ALICATIVO 360 puede hacer cambios a los materiales contenidos en su sitio web en cualquier momento sin previo aviso. Sin embargo, ALICATIVO 360 no se compromete a actualizar los materiales.<\/p>\n\n\n\n<h2 class=\"wp-block-heading\" id=\"h-6-links\">6. Enlaces<\/h2>\n\n\n\n<p>ALICATIVO 360 no ha analizado todos los sitios vinculados a su sitio web y no es responsable de los contenidos de ning\u00fan sitio vinculado. La inclusi\u00f3n de un enlace no implica que ALICATIVO 360 lo apruebe. El uso de cualquier sitio vinculado es por cuenta y riesgo del usuario.<\/p>\n\n\n\n<h3 class=\"wp-block-heading\" id=\"h-modificacoes\">Modificaciones<\/h3>\n\n\n\n<p>ALICATIVO 360 puede revisar estos t\u00e9rminos de servicio en cualquier momento sin previo aviso. Al utilizar este sitio, usted acepta estar obligado por la versi\u00f3n actual de estos t\u00e9rminos de servicio.<\/p>\n\n\n\n<h3 class=\"wp-block-heading\" id=\"h-lei-aplicavel\">Legislaci\u00f3n aplicable<\/h3>\n\n\n\n<p>Estos t\u00e9rminos y condiciones se rigen e interpretan de acuerdo con las leyes de ALICATIVO 360 y usted se somete irrevocablemente a la jurisdicci\u00f3n exclusiva de los tribunales de ese estado o localidad.<\/p>","protected":false},"excerpt":{"rendered":"<p>1. Termos Ao acessar ao site ALICATIVO 360, concorda em cumprir estes termos de servi\u00e7o, todas as leis e regulamentos [&hellip;]<\/p>\n","protected":false},"author":4,"featured_media":0,"parent":0,"menu_order":0,"comment_status":"closed","ping_status":"closed","template":"","meta":{"_uag_custom_page_level_css":"","site-sidebar-layout":"default","site-content-layout":"","ast-site-content-layout":"default","site-content-style":"default","site-sidebar-style":"default","ast-global-header-display":"","ast-banner-title-visibility":"","ast-main-header-display":"","ast-hfb-above-header-display":"","ast-hfb-below-header-display":"","ast-hfb-mobile-header-display":"","site-post-title":"","ast-breadcrumbs-content":"","ast-featured-img":"","footer-sml-layout":"","ast-disable-related-posts":"","theme-transparent-header-meta":"","adv-header-id-meta":"","stick-header-meta":"","header-above-stick-meta":"","header-main-stick-meta":"","header-below-stick-meta":"","astra-migrate-meta-layouts":"default","ast-page-background-enabled":"default","ast-page-background-meta":{"desktop":{"background-color":"var(--ast-global-color-5)","background-image":"","background-repeat":"repeat","background-position":"center center","background-size":"auto","background-attachment":"scroll","background-type":"","background-media":"","overlay-type":"","overlay-color":"","overlay-opacity":"","overlay-gradient":""},"tablet":{"background-color":"","background-image":"","background-repeat":"repeat","background-position":"center center","background-size":"auto","background-attachment":"scroll","background-type":"","background-media":"","overlay-type":"","overlay-color":"","overlay-opacity":"","overlay-gradient":""},"mobile":{"background-color":"","background-image":"","background-repeat":"repeat","background-position":"center center","background-size":"auto","background-attachment":"scroll","background-type":"","background-media":"","overlay-type":"","overlay-color":"","overlay-opacity":"","overlay-gradient":""}},"ast-content-background-meta":{"desktop":{"background-color":"var(--ast-global-color-4)","background-image":"","background-repeat":"repeat","background-position":"center center","background-size":"auto","background-attachment":"scroll","background-type":"","background-media":"","overlay-type":"","overlay-color":"","overlay-opacity":"","overlay-gradient":""},"tablet":{"background-color":"var(--ast-global-color-4)","background-image":"","background-repeat":"repeat","background-position":"center center","background-size":"auto","background-attachment":"scroll","background-type":"","background-media":"","overlay-type":"","overlay-color":"","overlay-opacity":"","overlay-gradient":""},"mobile":{"background-color":"var(--ast-global-color-4)","background-image":"","background-repeat":"repeat","background-position":"center center","background-size":"auto","background-attachment":"scroll","background-type":"","background-media":"","overlay-type":"","overlay-color":"","overlay-opacity":"","overlay-gradient":""}},"footnotes":""},"class_list":["post-17","page","type-page","status-publish","hentry"],"uagb_featured_image_src":{"full":false,"thumbnail":false,"medium":false,"medium_large":false,"large":false,"1536x1536":false,"2048x2048":false,"trp-custom-language-flag":false},"uagb_author_info":{"display_name":"Mateus","author_link":"https:\/\/aplicativo360.com\/es\/author\/lololtda\/"},"uagb_comment_info":0,"uagb_excerpt":"1. Termos Ao acessar ao site ALICATIVO 360, concorda em cumprir estes termos de servi\u00e7o, todas as leis e regulamentos [&hellip;]","_links":{"self":[{"href":"https:\/\/aplicativo360.com\/es\/wp-json\/wp\/v2\/pages\/17","targetHints":{"allow":["GET"]}}],"collection":[{"href":"https:\/\/aplicativo360.com\/es\/wp-json\/wp\/v2\/pages"}],"about":[{"href":"https:\/\/aplicativo360.com\/es\/wp-json\/wp\/v2\/types\/page"}],"author":[{"embeddable":true,"href":"https:\/\/aplicativo360.com\/es\/wp-json\/wp\/v2\/users\/4"}],"replies":[{"embeddable":true,"href":"https:\/\/aplicativo360.com\/es\/wp-json\/wp\/v2\/comments?post=17"}],"version-history":[{"count":0,"href":"https:\/\/aplicativo360.com\/es\/wp-json\/wp\/v2\/pages\/17\/revisions"}],"wp:attachment":[{"href":"https:\/\/aplicativo360.com\/es\/wp-json\/wp\/v2\/media?parent=17"}],"curies":[{"name":"wp","href":"https:\/\/api.w.org\/{rel}","templated":true}]}}