{"id":4107,"date":"2025-01-19T16:58:10","date_gmt":"2025-01-19T19:58:10","guid":{"rendered":"https:\/\/aplicativo360.com\/?page_id=4107"},"modified":"2025-02-10T17:27:39","modified_gmt":"2025-02-10T20:27:39","slug":"lp-como-conseguir-diamantes-e-skins-no-free-fire","status":"publish","type":"page","link":"https:\/\/aplicativo360.com\/es\/lp-como-conseguir-diamantes-y-skins-en-free-fire\/","title":{"rendered":"C\u00f3mo conseguir diamantes y skins en Free Fire"},"content":{"rendered":"<p>Descubre c\u00f3mo conseguir diamantes y otras recompensas en Free Fire. A continuaci\u00f3n encontrar\u00e1s la gu\u00eda completa. Si tienes alguna duda, lee hasta el final para obtener m\u00e1s informaci\u00f3n.<\/p>\n\n\n\n<div class=\"wp-block-uagb-buttons uagb-buttons__outer-wrap uagb-btn__default-btn uagb-btn-tablet__default-btn uagb-btn-mobile__default-btn uagb-block-0905c01d\"><div class=\"uagb-buttons__wrap uagb-buttons-layout-wrap\">\n<div class=\"wp-block-uagb-buttons-child uagb-buttons__outer-wrap uagb-block-9bf4d67d wp-block-button\"><div class=\"uagb-button__wrapper\"><a class=\"uagb-buttons-repeater wp-block-button__link\" aria-label=\"\" href=\"https:\/\/aplicativo360.com\/es\/como-ganar-diamantes-y-premios-gratis-en-free-fire\/\" rel=\"follow noopener\" target=\"_self\" role=\"button\"><div class=\"uagb-button__link\">Diamantes gratis en Free Fire<\/div><span class=\"uagb-button__icon uagb-button__icon-position-after\"><svg xmlns=\"https:\/\/www.w3.org\/2000\/svg\" viewbox=\"0 0 448 512\" aria-hidden=\"true\" focussable=\"false\"><path d=\"M438.6 105.4C451.1 117.9 451.1 138.1 438.6 150.6L182.6 406.6C170.1 419.1 149.9 419.1 137.4 406.6L9.372 278.6C-3.124 266.1-3.124 245.9 9.372 233.4C21.87 220.9 42.13 220.9 54.63 233.4L159.1 338.7L393.4 105.4C405.9 92.88 426.1 92.88 438.6 105.4H438.6z\"><\/path><\/svg><\/span><\/a><\/div><\/div>\n<\/div><\/div>\n\n\n\n<div class=\"wp-block-uagb-buttons uagb-buttons__outer-wrap uagb-btn__default-btn uagb-btn-tablet__default-btn uagb-btn-mobile__default-btn uagb-block-63c73e3c\"><div class=\"uagb-buttons__wrap uagb-buttons-layout-wrap\">\n<div class=\"wp-block-uagb-buttons-child uagb-buttons__outer-wrap uagb-block-c47fd910 wp-block-button\"><div class=\"uagb-button__wrapper\"><a class=\"uagb-buttons-repeater wp-block-button__link\" aria-label=\"\" href=\"https:\/\/aplicativo360.com\/es\/como-ganar-diamantes-y-premios-gratis-en-free-fire\/2\" rel=\"follow noopener\" target=\"_self\" role=\"button\"><div class=\"uagb-button__link\">Sensi Free Fire<\/div><span class=\"uagb-button__icon uagb-button__icon-position-after\"><svg xmlns=\"https:\/\/www.w3.org\/2000\/svg\" viewbox=\"0 0 448 512\" aria-hidden=\"true\" focussable=\"false\"><path d=\"M438.6 105.4C451.1 117.9 451.1 138.1 438.6 150.6L182.6 406.6C170.1 419.1 149.9 419.1 137.4 406.6L9.372 278.6C-3.124 266.1-3.124 245.9 9.372 233.4C21.87 220.9 42.13 220.9 54.63 233.4L159.1 338.7L393.4 105.4C405.9 92.88 426.1 92.88 438.6 105.4H438.6z\"><\/path><\/svg><\/span><\/a><\/div><\/div>\n<\/div><\/div>\n\n\n\n<p>\u00bfTe imaginas conseguir una cantidad ilimitada de diamantes en Free Fire para desbloquear incre\u00edbles skins, personajes exclusivos y poderosas armas? Sabemos lo emocionante y gratificante que es utilizar estos recursos para mejorar tu experiencia de juego.<\/p>\n\n\n\n<p>\u00bfY lo mejor de todo? \u00a1Ahora puedes ganar diamantes sin gastar nada! Nuestra p\u00e1gina de inicio es el punto de partida para descubrir m\u00e9todos infalibles para ganar diamantes gratis en Free Fire. Los diamantes son la moneda premium del juego y son esenciales para desbloquear objetos exclusivos que llevan el juego al siguiente nivel.<\/p>\n\n\n\n<p>Aqu\u00ed compartimos m\u00e9todos probados y seguros para adquirir diamantes, adem\u00e1s de explicar c\u00f3mo funciona cada uno de ellos. Desde emocionantes sorteos hasta misiones estrat\u00e9gicas, el universo de los diamantes est\u00e1 al alcance de su mano.<\/p>\n\n\n\n<h3 class=\"wp-block-heading\"><strong>M\u00e9todos para obtener diamantes a fuego libre<\/strong><\/h3>\n\n\n\n<p>Hay dos formas principales de obtener diamantes y skins en Free Fire: \u00a1dentro y fuera del juego! Los diamantes y las apariencias pueden adquirirse a trav\u00e9s de herramientas proporcionadas por el propio juego o a trav\u00e9s de m\u00e9todos externos que ofrecen c\u00f3digos de canje para ser utilizados en Free Fire.<\/p>\n\n\n\n<p>\u2705 <strong>Eventos estacionales<\/strong>El juego: Estate atento a los eventos organizados por los desarrolladores. Muy a menudo, adem\u00e1s de skins y emotes exclusivos, \u00a1tambi\u00e9n ofrecen diamantes como recompensa! \u2705 <strong>C\u00f3digos de canje<\/strong>Los c\u00f3digos son una forma excelente de conseguir diamantes y skins en Free Fire. Saber d\u00f3nde y c\u00f3mo encontrarlos es crucial para maximizar tus ganancias. \u2705 <strong>Aplicaciones<\/strong>Algunas aplicaciones externas te permiten canjear diamantes y otras recompensas por Free Fire mediante c\u00f3digos o cr\u00e9ditos acumulados. \u2705 <strong>Torneos<\/strong>Participar en torneos puede hacerte ganar diamantes y otros premios. Estate atento a las mejores estrategias para aprovechar al m\u00e1ximo estas oportunidades.<\/p>\n\n\n\n<h3 class=\"wp-block-heading\"><strong>Ventajas incre\u00edbles<\/strong><\/h3>\n\n\n\n<p>Aunque ya conoce las opciones b\u00e1sicas, aqu\u00ed vamos m\u00e1s all\u00e1. Aumente sus posibilidades de \u00e9xito en los sorteos, aproveche al m\u00e1ximo los eventos y optimice sus ganancias diarias. Nuestra experiencia le garantiza que estar\u00e1 bien preparado para sacar el m\u00e1ximo partido de cada estrategia.<\/p>\n\n\n\n<div class=\"wp-block-uagb-buttons uagb-buttons__outer-wrap uagb-btn__default-btn uagb-btn-tablet__default-btn uagb-btn-mobile__default-btn uagb-block-a45f6834\"><div class=\"uagb-buttons__wrap uagb-buttons-layout-wrap\">\n<div class=\"wp-block-uagb-buttons-child uagb-buttons__outer-wrap uagb-block-d3694fa8 wp-block-button\"><div class=\"uagb-button__wrapper\"><a class=\"uagb-buttons-repeater wp-block-button__link\" aria-label=\"\" href=\"https:\/\/aplicativo360.com\/es\/como-ganar-diamantes-y-premios-gratis-en-free-fire\/\" rel=\"follow noopener\" target=\"_self\" role=\"button\"><div class=\"uagb-button__link\">Diamantes gratis en Free Fire<\/div><span class=\"uagb-button__icon uagb-button__icon-position-after\"><svg xmlns=\"https:\/\/www.w3.org\/2000\/svg\" viewbox=\"0 0 448 512\" aria-hidden=\"true\" focussable=\"false\"><path d=\"M438.6 105.4C451.1 117.9 451.1 138.1 438.6 150.6L182.6 406.6C170.1 419.1 149.9 419.1 137.4 406.6L9.372 278.6C-3.124 266.1-3.124 245.9 9.372 233.4C21.87 220.9 42.13 220.9 54.63 233.4L159.1 338.7L393.4 105.4C405.9 92.88 426.1 92.88 438.6 105.4H438.6z\"><\/path><\/svg><\/span><\/a><\/div><\/div>\n<\/div><\/div>\n\n\n\n<div class=\"wp-block-uagb-buttons uagb-buttons__outer-wrap uagb-btn__default-btn uagb-btn-tablet__default-btn uagb-btn-mobile__default-btn uagb-block-fb00a66b\"><div class=\"uagb-buttons__wrap uagb-buttons-layout-wrap\">\n<div class=\"wp-block-uagb-buttons-child uagb-buttons__outer-wrap uagb-block-37dbb1ae wp-block-button\"><div class=\"uagb-button__wrapper\"><a class=\"uagb-buttons-repeater wp-block-button__link\" aria-label=\"\" href=\"https:\/\/aplicativo360.com\/es\/como-ganar-diamantes-y-premios-gratis-en-free-fire\/2\" rel=\"follow noopener\" target=\"_self\" role=\"button\"><div class=\"uagb-button__link\">Sensi Free Fire<\/div><span class=\"uagb-button__icon uagb-button__icon-position-after\"><svg xmlns=\"https:\/\/www.w3.org\/2000\/svg\" viewbox=\"0 0 448 512\" aria-hidden=\"true\" focussable=\"false\"><path d=\"M438.6 105.4C451.1 117.9 451.1 138.1 438.6 150.6L182.6 406.6C170.1 419.1 149.9 419.1 137.4 406.6L9.372 278.6C-3.124 266.1-3.124 245.9 9.372 233.4C21.87 220.9 42.13 220.9 54.63 233.4L159.1 338.7L393.4 105.4C405.9 92.88 426.1 92.88 438.6 105.4H438.6z\"><\/path><\/svg><\/span><\/a><\/div><\/div>\n<\/div><\/div>\n\n\n\n<p>Ahora que conoces los secretos para conseguir diamantes gratis en Free Fire y entiendes la importancia de estos m\u00e9todos para mejorar tu experiencia de juego, es hora de ponerlo todo en pr\u00e1ctica. \u00a1No pierdas m\u00e1s tiempo!<\/p>","protected":false},"excerpt":{"rendered":"<p>Confira como obter diamantes e outras recompensas no Free Fire. A seguir, apresentamos o guia completo. Caso tenha d\u00favidas, leia [&hellip;]<\/p>\n","protected":false},"author":4,"featured_media":0,"parent":0,"menu_order":0,"comment_status":"closed","ping_status":"closed","template":"","meta":{"_uag_custom_page_level_css":"","site-sidebar-layout":"default","site-content-layout":"","ast-site-content-layout":"default","site-content-style":"default","site-sidebar-style":"default","ast-global-header-display":"","ast-banner-title-visibility":"","ast-main-header-display":"","ast-hfb-above-header-display":"","ast-hfb-below-header-display":"","ast-hfb-mobile-header-display":"","site-post-title":"","ast-breadcrumbs-content":"","ast-featured-img":"","footer-sml-layout":"","ast-disable-related-posts":"","theme-transparent-header-meta":"","adv-header-id-meta":"","stick-header-meta":"","header-above-stick-meta":"","header-main-stick-meta":"","header-below-stick-meta":"","astra-migrate-meta-layouts":"default","ast-page-background-enabled":"default","ast-page-background-meta":{"desktop":{"background-color":"var(--ast-global-color-5)","background-image":"","background-repeat":"repeat","background-position":"center center","background-size":"auto","background-attachment":"scroll","background-type":"","background-media":"","overlay-type":"","overlay-color":"","overlay-opacity":"","overlay-gradient":""},"tablet":{"background-color":"","background-image":"","background-repeat":"repeat","background-position":"center center","background-size":"auto","background-attachment":"scroll","background-type":"","background-media":"","overlay-type":"","overlay-color":"","overlay-opacity":"","overlay-gradient":""},"mobile":{"background-color":"","background-image":"","background-repeat":"repeat","background-position":"center center","background-size":"auto","background-attachment":"scroll","background-type":"","background-media":"","overlay-type":"","overlay-color":"","overlay-opacity":"","overlay-gradient":""}},"ast-content-background-meta":{"desktop":{"background-color":"var(--ast-global-color-4)","background-image":"","background-repeat":"repeat","background-position":"center center","background-size":"auto","background-attachment":"scroll","background-type":"","background-media":"","overlay-type":"","overlay-color":"","overlay-opacity":"","overlay-gradient":""},"tablet":{"background-color":"var(--ast-global-color-4)","background-image":"","background-repeat":"repeat","background-position":"center center","background-size":"auto","background-attachment":"scroll","background-type":"","background-media":"","overlay-type":"","overlay-color":"","overlay-opacity":"","overlay-gradient":""},"mobile":{"background-color":"var(--ast-global-color-4)","background-image":"","background-repeat":"repeat","background-position":"center center","background-size":"auto","background-attachment":"scroll","background-type":"","background-media":"","overlay-type":"","overlay-color":"","overlay-opacity":"","overlay-gradient":""}},"footnotes":""},"class_list":["post-4107","page","type-page","status-publish","hentry"],"uagb_featured_image_src":{"full":false,"thumbnail":false,"medium":false,"medium_large":false,"large":false,"1536x1536":false,"2048x2048":false,"trp-custom-language-flag":false},"uagb_author_info":{"display_name":"Mateus","author_link":"https:\/\/aplicativo360.com\/es\/author\/lololtda\/"},"uagb_comment_info":0,"uagb_excerpt":"Confira como obter diamantes e outras recompensas no Free Fire. A seguir, apresentamos o guia completo. Caso tenha d\u00favidas, leia [&hellip;]","_links":{"self":[{"href":"https:\/\/aplicativo360.com\/es\/wp-json\/wp\/v2\/pages\/4107","targetHints":{"allow":["GET"]}}],"collection":[{"href":"https:\/\/aplicativo360.com\/es\/wp-json\/wp\/v2\/pages"}],"about":[{"href":"https:\/\/aplicativo360.com\/es\/wp-json\/wp\/v2\/types\/page"}],"author":[{"embeddable":true,"href":"https:\/\/aplicativo360.com\/es\/wp-json\/wp\/v2\/users\/4"}],"replies":[{"embeddable":true,"href":"https:\/\/aplicativo360.com\/es\/wp-json\/wp\/v2\/comments?post=4107"}],"version-history":[{"count":0,"href":"https:\/\/aplicativo360.com\/es\/wp-json\/wp\/v2\/pages\/4107\/revisions"}],"wp:attachment":[{"href":"https:\/\/aplicativo360.com\/es\/wp-json\/wp\/v2\/media?parent=4107"}],"curies":[{"name":"wp","href":"https:\/\/api.w.org\/{rel}","templated":true}]}}