{"id":65,"date":"2023-12-10T10:52:09","date_gmt":"2023-12-10T10:52:09","guid":{"rendered":"https:\/\/aplicativo360.com\/?page_id=65"},"modified":"2024-11-23T23:43:24","modified_gmt":"2024-11-24T02:43:24","slug":"contato","status":"publish","type":"page","link":"https:\/\/aplicativo360.com\/es\/pongase-en-contacto-con\/","title":{"rendered":"P\u00f3ngase en contacto con"},"content":{"rendered":"\n<p>Use esse formul\u00e1rio para enviar suas d\u00favidas, elogios, propostas comerciais ou para solicita\u00e7\u00f5es.<\/p>\n\n\n<p>[contact-form-7 id=&#8221;9d4ce7c&#8221; title=&#8221;Sem t\u00edtulo&#8221;]<\/p>\n\n\n\n<p>Aplicativo 360 &#8211; Responderemos a sua mensagem o mais breve poss\u00edvel.<\/p>\n\n\n\n<p>Contato: contato@aplicativo360.com<\/p>\n\n\n\n<p><\/p>\n","protected":false},"excerpt":{"rendered":"<p>Use esse formul\u00e1rio para enviar suas d\u00favidas, elogios, propostas comerciais ou para solicita\u00e7\u00f5es. Aplicativo 360 &#8211; Responderemos a sua mensagem [&hellip;]<\/p>\n","protected":false},"author":4,"featured_media":0,"parent":0,"menu_order":0,"comment_status":"closed","ping_status":"closed","template":"","meta":{"_uag_custom_page_level_css":"","site-sidebar-layout":"default","site-content-layout":"","ast-site-content-layout":"default","site-content-style":"default","site-sidebar-style":"default","ast-global-header-display":"","ast-banner-title-visibility":"","ast-main-header-display":"","ast-hfb-above-header-display":"","ast-hfb-below-header-display":"","ast-hfb-mobile-header-display":"","site-post-title":"","ast-breadcrumbs-content":"","ast-featured-img":"","footer-sml-layout":"","ast-disable-related-posts":"","theme-transparent-header-meta":"","adv-header-id-meta":"","stick-header-meta":"","header-above-stick-meta":"","header-main-stick-meta":"","header-below-stick-meta":"","astra-migrate-meta-layouts":"default","ast-page-background-enabled":"default","ast-page-background-meta":{"desktop":{"background-color":"var(--ast-global-color-5)","background-image":"","background-repeat":"repeat","background-position":"center center","background-size":"auto","background-attachment":"scroll","background-type":"","background-media":"","overlay-type":"","overlay-color":"","overlay-opacity":"","overlay-gradient":""},"tablet":{"background-color":"","background-image":"","background-repeat":"repeat","background-position":"center center","background-size":"auto","background-attachment":"scroll","background-type":"","background-media":"","overlay-type":"","overlay-color":"","overlay-opacity":"","overlay-gradient":""},"mobile":{"background-color":"","background-image":"","background-repeat":"repeat","background-position":"center center","background-size":"auto","background-attachment":"scroll","background-type":"","background-media":"","overlay-type":"","overlay-color":"","overlay-opacity":"","overlay-gradient":""}},"ast-content-background-meta":{"desktop":{"background-color":"var(--ast-global-color-4)","background-image":"","background-repeat":"repeat","background-position":"center center","background-size":"auto","background-attachment":"scroll","background-type":"","background-media":"","overlay-type":"","overlay-color":"","overlay-opacity":"","overlay-gradient":""},"tablet":{"background-color":"var(--ast-global-color-4)","background-image":"","background-repeat":"repeat","background-position":"center center","background-size":"auto","background-attachment":"scroll","background-type":"","background-media":"","overlay-type":"","overlay-color":"","overlay-opacity":"","overlay-gradient":""},"mobile":{"background-color":"var(--ast-global-color-4)","background-image":"","background-repeat":"repeat","background-position":"center center","background-size":"auto","background-attachment":"scroll","background-type":"","background-media":"","overlay-type":"","overlay-color":"","overlay-opacity":"","overlay-gradient":""}},"footnotes":""},"class_list":["post-65","page","type-page","status-publish","hentry"],"uagb_featured_image_src":{"full":false,"thumbnail":false,"medium":false,"medium_large":false,"large":false,"1536x1536":false,"2048x2048":false,"trp-custom-language-flag":false},"uagb_author_info":{"display_name":"Mateus","author_link":"https:\/\/aplicativo360.com\/es\/author\/lololtda\/"},"uagb_comment_info":0,"uagb_excerpt":"Use esse formul\u00e1rio para enviar suas d\u00favidas, elogios, propostas comerciais ou para solicita\u00e7\u00f5es. Aplicativo 360 &#8211; Responderemos a sua mensagem [&hellip;]","_links":{"self":[{"href":"https:\/\/aplicativo360.com\/es\/wp-json\/wp\/v2\/pages\/65","targetHints":{"allow":["GET"]}}],"collection":[{"href":"https:\/\/aplicativo360.com\/es\/wp-json\/wp\/v2\/pages"}],"about":[{"href":"https:\/\/aplicativo360.com\/es\/wp-json\/wp\/v2\/types\/page"}],"author":[{"embeddable":true,"href":"https:\/\/aplicativo360.com\/es\/wp-json\/wp\/v2\/users\/4"}],"replies":[{"embeddable":true,"href":"https:\/\/aplicativo360.com\/es\/wp-json\/wp\/v2\/comments?post=65"}],"version-history":[{"count":0,"href":"https:\/\/aplicativo360.com\/es\/wp-json\/wp\/v2\/pages\/65\/revisions"}],"wp:attachment":[{"href":"https:\/\/aplicativo360.com\/es\/wp-json\/wp\/v2\/media?parent=65"}],"curies":[{"name":"wp","href":"https:\/\/api.w.org\/{rel}","templated":true}]}}